{"id":62,"date":"2024-08-11T01:48:51","date_gmt":"2024-08-10T16:48:51","guid":{"rendered":"https:\/\/axelster.com\/?page_id=62"},"modified":"2025-06-05T17:50:35","modified_gmt":"2025-06-05T08:50:35","slug":"event","status":"publish","type":"page","link":"https:\/\/axelster.com\/?page_id=62","title":{"rendered":"News"},"content":{"rendered":"\n<details class=\"wp-block-details is-layout-flow wp-block-details-is-layout-flow\"><summary>New Videos released !! <\/summary>\n<p>Check YouTube  @pianoman1167<br><a href=\"https:\/\/www.youtube.com\/@pianoman1167\">https:\/\/www.youtube.com\/@pianoman1167<\/a><\/p>\n<\/details>\n\n\n\n<details class=\"wp-block-details is-layout-flow wp-block-details-is-layout-flow\"><summary>Gemeindeempfang der Gemeinde Timmendorfer Strand: Ehrungen im sozialen und sportlichen Bereich<\/summary>\n<p><a href=\"https:\/\/www.der-reporter.de\/tdf-strand\/artikel\/gemeindeempfang-ehrungen-im-sozialen-und-sportlichen-bereich\">https:\/\/www.der-reporter.de\/tdf-strand\/artikel\/gemeindeempfang-ehrungen-im-sozialen-und-sportlichen-bereich<\/a><\/p>\n<\/details>\n\n\n\n<details class=\"wp-block-details is-layout-flow wp-block-details-is-layout-flow\"><summary>Lecture Concert at Bechstein-Centrum Tokyo Hibiya 2025<\/summary>\n<p>The first lecture concert in Tokyo by German pianist, musician and music educator Dr. Axel Ster.<\/p>\n\n\n\n<p>Thema: Beethoven&#8217;s  Impact   <br>The Music of the Innovative Composer Beethoven and His Influences<\/p>\n\n\n\n<p>Event Web Link \u3000(to Japanese Site)<br><a href=\"https:\/\/www.bechstein.co.jp\/events\/20250419\" data-type=\"link\" data-id=\"https:\/\/www.bechstein.co.jp\/events\/20250419\">https:\/\/www.bechstein.co.jp\/events\/20250419<\/a><br><a href=\"https:\/\/teket.jp\/11278\/41682\">https:\/\/teket.jp\/11278\/41682<\/a><br><a href=\"https:\/\/www.concertsquare.jp\/blog\/2025\/2025011319.html\" data-type=\"link\" data-id=\"https:\/\/www.concertsquare.jp\/blog\/2025\/2025011319.html\">https:\/\/www.concertsquare.jp\/blog\/2025\/2025011319.html<\/a><br><a href=\"https:\/\/concert-search.ebravo.jp\/concert\/210996\">https:\/\/concert-search.ebravo.jp\/concert\/210996<\/a><br>Flyer<br><a href=\"https:\/\/bluebird-design.info\/?p=206\" data-type=\"link\" data-id=\"https:\/\/bluebird-design.info\/?p=206\">https:\/\/bluebird-design.info\/?p=206<\/a><br><a href=\"https:\/\/bluebird-design.info\/?p=214\" data-type=\"link\" data-id=\"https:\/\/bluebird-design.info\/?p=214\">https:\/\/bluebird-design.info\/?p=214<\/a><\/p>\n<\/details>\n\n\n\n<details class=\"wp-block-details is-layout-flow wp-block-details-is-layout-flow\"><summary>JazzF\u00f6rdererPreis 2024 f\u00fcr Axel Ster<\/summary>\n<p>Der JazzF\u00f6rdererPreis des Kulturforum Schleswig-Holstein, der auf wichtige F\u00f6rderer des Jazz aufmerksam machen soll, ging in diesem Jahr an den Musiker und Musikp\u00e4dagogen Dr. Axel Ster.<\/p>\n\n\n\n<p>This year\u2019s Jazz Sponsor Prize from the Kulturforum Schleswig-Holstein, which is intended to draw attention to important supporters of jazz, went to the musician and music educator Dr. Axel Ster.<\/p>\n\n\n\n<p><a href=\"https:\/\/www.mh-luebeck.de\/archiv\/entry\/article\/mhl-dozent-axel-ster-erhaelt-jazzfoerdererpreis\">https:\/\/www.mh-luebeck.de\/archiv\/entry\/article\/mhl-dozent-axel-ster-erhaelt-jazzfoerdererpreis<\/a><\/p>\n\n\n\n<p><a href=\"https:\/\/www.der-reporter.de\/tdf-strand\/artikel\/jazzfoerdererpreis-2024-fuer-dr-axel-ster#:~:text=Dr.%20Axel%20Ster%2C%20Musiklehrer%20am,des%20Kulturforums%20Schleswig%2DHolstein%20ausgezeichnet\">https:\/\/www.der-reporter.de\/tdf-strand\/artikel\/jazzfoerdererpreis-2024-fuer-dr-axel-ster#:~:text=Dr.%20Axel%20Ster%2C%20Musiklehrer%20am,des%20Kulturforums%20Schleswig%2DHolstein%20ausgezeichnet<\/a><\/p>\n<\/details>\n\n\n\n<p><\/p>\n","protected":false},"excerpt":{"rendered":"","protected":false},"author":1,"featured_media":0,"parent":0,"menu_order":0,"comment_status":"closed","ping_status":"closed","template":"","meta":{"_coblocks_attr":"","_coblocks_dimensions":"","_coblocks_responsive_height":"","_coblocks_accordion_ie_support":"","footnotes":""},"class_list":["post-62","page","type-page","status-publish","hentry"],"_links":{"self":[{"href":"https:\/\/axelster.com\/index.php?rest_route=\/wp\/v2\/pages\/62","targetHints":{"allow":["GET"]}}],"collection":[{"href":"https:\/\/axelster.com\/index.php?rest_route=\/wp\/v2\/pages"}],"about":[{"href":"https:\/\/axelster.com\/index.php?rest_route=\/wp\/v2\/types\/page"}],"author":[{"embeddable":true,"href":"https:\/\/axelster.com\/index.php?rest_route=\/wp\/v2\/users\/1"}],"replies":[{"embeddable":true,"href":"https:\/\/axelster.com\/index.php?rest_route=%2Fwp%2Fv2%2Fcomments&post=62"}],"version-history":[{"count":14,"href":"https:\/\/axelster.com\/index.php?rest_route=\/wp\/v2\/pages\/62\/revisions"}],"predecessor-version":[{"id":159,"href":"https:\/\/axelster.com\/index.php?rest_route=\/wp\/v2\/pages\/62\/revisions\/159"}],"wp:attachment":[{"href":"https:\/\/axelster.com\/index.php?rest_route=%2Fwp%2Fv2%2Fmedia&parent=62"}],"curies":[{"name":"wp","href":"https:\/\/api.w.org\/{rel}","templated":true}]}}